{"id":35,"date":"2013-10-11T15:46:20","date_gmt":"2013-10-11T15:46:20","guid":{"rendered":"http:\/\/themeforest.unitedthemes.com\/wpversions\/brooklyn\/xml\/demo5\/?page_id=35"},"modified":"2014-05-27T16:18:45","modified_gmt":"2014-05-27T14:18:45","slug":"front-page","status":"publish","type":"page","link":"https:\/\/www.notfallspiegel.de\/de\/front-page\/","title":{"rendered":"Der Notfallspiegel &#8211; die L\u00f6sung bei defektem Au\u00dfenspiegel"},"content":{"rendered":"<h2>Au\u00dfenspiegel defekt? was nun?<\/h2>\n<p>Es ist schnell passiert in Autobahnbaustellen mit schmalen Fahrspuren, auf engen, meist zugeparkten Stra\u00dfen in der Stadt, oder beim Einparken. Zwei Fahrzeuge ber\u00fchren sich \u2013 die Spiegel klappen weg und das Glas geht zu Bruch.<\/p>\n<p>Sie haben keine Sicht mehr nach hinten und ohne funktionsf\u00e4higen linken Au\u00dfenspiegel d\u00fcrfen Sie nicht weiterfahren, denn die Betriebserlaubnis Ihres Fahrzeugs ist erloschen (\u00a756(1) StVZO). Wenn sie es trotzdem tun, riskieren Sie nicht nur eine Strafe (OWi), sondern auch versicherungsrechtliche Konsequenzen. Ihre Versicherung k\u00f6nnte Sie zum Beispiel nach einem Unfall in Regress nehmen. Abgesehen davon w\u00fcrden Sie im \u201eBlindflug\u201c fahren und andere Verkehrsteilnehmer extrem gef\u00e4hrden, da Sie nicht mehr sehen k\u00f6nnen, was hinter Ihnen passiert.<\/p>\n<h2>Was nun?<\/h2>\n<p>Das Fahrzeug stehen lassen? Einen Abschleppdienst rufen? Das ist nicht nur teuer, es kostet auch jede Menge Zeit.<\/p>\n<h2>Es gibt eine L\u00f6sung: den Notfallspiegel R\u00dcCK-SICHT<\/h2>\n<p>der vom Bundesverkehrsministerium zugelassene Notfallspiegel, ein Au\u00dfenspiegel Ersatzspiegel f\u00fcr den Notfall ist ein in eine flexible H\u00fclle integrierter Spiegel, den Sie einfach \u00fcber das Au\u00dfenspiegelgeh\u00e4use Ihres Fahrzeugs ziehen. Und schon haben Sie dank Notfallspiegel wieder Sicht nach hinten, und k\u00f6nnen ungehindert zu Ihrer Werkstatt fahren.<\/p>\n<p>Der Notfallspiegel ist eine patentierte Weltneuheit. Er wurde vom <a href=\"http:\/\/www.bmvi.de\/\" title=\"Bundesverkehrsministerium\" target=\"_blank\">Bundesverkehrsministerium<\/a> zur Verwendung zugelassen und durch den <a href=\"http:\/\/www.tuev-hessen.de\" title=\"T\u00dcV Hessen\" target=\"_blank\">T\u00dcV Hessen<\/a> gepr\u00fcft.<br \/>\nHaben Sie einen Notfallspiegel im Handschuhfach, sind Sie immer auf der sicheren Seite.<\/p>\n<p><img decoding=\"async\" loading=\"lazy\" src=\"http:\/\/www.notfallspiegel.de\/wp-content\/uploads\/Notfallspiegel-1024x683.jpg\" alt=\"Notfallspiegel\" width=\"1024\" height=\"683\" class=\"alignnone size-large wp-image-3651\" srcset=\"https:\/\/www.notfallspiegel.de\/wp-content\/uploads\/Notfallspiegel-1024x683.jpg 1024w, https:\/\/www.notfallspiegel.de\/wp-content\/uploads\/Notfallspiegel-300x200.jpg 300w\" sizes=\"(max-width: 1024px) 100vw, 1024px\" \/><\/p>\n","protected":false},"excerpt":{"rendered":"<p>Au\u00dfenspiegel defekt? was nun? Es ist schnell passiert in Autobahnbaustellen mit schmalen Fahrspuren, auf engen, meist zugeparkten Stra\u00dfen in der Stadt, oder beim Einparken. Zwei Fahrzeuge ber\u00fchren sich \u2013 die Spiegel klappen weg und das Glas geht zu Bruch. Sie haben keine Sicht mehr nach hinten und ohne funktionsf\u00e4higen linken Au\u00dfenspiegel d\u00fcrfen Sie nicht weiterfahren, [&hellip;]<\/p>\n","protected":false},"author":1,"featured_media":0,"parent":0,"menu_order":0,"comment_status":"closed","ping_status":"open","template":"","meta":[],"categories":[],"tags":[133,131,151,130,132],"_links":{"self":[{"href":"https:\/\/www.notfallspiegel.de\/de\/wp-json\/wp\/v2\/pages\/35"}],"collection":[{"href":"https:\/\/www.notfallspiegel.de\/de\/wp-json\/wp\/v2\/pages"}],"about":[{"href":"https:\/\/www.notfallspiegel.de\/de\/wp-json\/wp\/v2\/types\/page"}],"author":[{"embeddable":true,"href":"https:\/\/www.notfallspiegel.de\/de\/wp-json\/wp\/v2\/users\/1"}],"replies":[{"embeddable":true,"href":"https:\/\/www.notfallspiegel.de\/de\/wp-json\/wp\/v2\/comments?post=35"}],"version-history":[{"count":14,"href":"https:\/\/www.notfallspiegel.de\/de\/wp-json\/wp\/v2\/pages\/35\/revisions"}],"predecessor-version":[{"id":3727,"href":"https:\/\/www.notfallspiegel.de\/de\/wp-json\/wp\/v2\/pages\/35\/revisions\/3727"}],"wp:attachment":[{"href":"https:\/\/www.notfallspiegel.de\/de\/wp-json\/wp\/v2\/media?parent=35"}],"wp:term":[{"taxonomy":"category","embeddable":true,"href":"https:\/\/www.notfallspiegel.de\/de\/wp-json\/wp\/v2\/categories?post=35"},{"taxonomy":"post_tag","embeddable":true,"href":"https:\/\/www.notfallspiegel.de\/de\/wp-json\/wp\/v2\/tags?post=35"}],"curies":[{"name":"wp","href":"https:\/\/api.w.org\/{rel}","templated":true}]}}