{"id":3613,"date":"2014-04-14T14:04:01","date_gmt":"2014-04-14T12:04:01","guid":{"rendered":"http:\/\/notfallspiegel.de\/?page_id=3613"},"modified":"2018-05-07T22:19:36","modified_gmt":"2018-05-07T20:19:36","slug":"jetzt-kaufen","status":"publish","type":"page","link":"https:\/\/www.notfallspiegel.de\/de\/jetzt-kaufen\/","title":{"rendered":"Jetzt kaufen"},"content":{"rendered":"<div class=\"wpb_content_element \"><style type=\"text\/css\">#ut_sb_69f2cccbe6ee7 .ut-icon-box .ut-service-box-icon { color: #008bcf; }#ut_sb_69f2cccbe6ee7 .ut-arrow-right { border-left: 10px solid rgba(242,242,242,1);; }#ut_sb_69f2cccbe6ee7 .ut-icon-box { background: rgba(242,242,242,1);; }#ut_sb_69f2cccbe6ee7 .ut-info a.ut-service-box-link { font-size: 12px; }<\/style><div id=\"ut_sb_69f2cccbe6ee7\" class=\" ut-one-half  clearfix\"><div  class=\"ut-icon-box ut-icon-box-large \"><div class=\"ut-arrow-right\"><\/div><i class=\"fa-4x fa fa-shopping-cart ut-service-box-icon\"><\/i><\/div><div class=\"ut-info\"><h3>Notfallspiegel<\/h3><p><form class=\"wpsg_productform\" id=\"wpsg_produktform_1\" method=\"post\" action=\"\/de\/wp-json\/wp\/v2\/pages\/3613\">\r\n<div class=\"wpsg_produkt_wrapper\">\r\n\r\n\t<input type=\"hidden\" name=\"wpsg_post_id\" value=\"3613\" \/>\r\n\t<input type=\"hidden\" name=\"titleDisplayed\" value=\"\" \/>\r\n\r\n\t<div class=\"wpsg_produkt wpsg_product_name\">\r\n\r\n\t\t\t\t\t<h1 class=\"wpsg_producttitle\">Notfallspiegel (PKW)<\/h1>\r\n\t\t\t<h2 class=\"wpsg_productdetailtitle\">F\u00fcr Fahrzeuge mit kleinem bis mittelgro\u00dfem Au\u00dfenspiegel<\/h2>\r\n\t\t\r\n\t\t\r\n\t<\/div>\r\n \r\n\t\r\n\t<div itemscope itemtype=\"http:\/\/schema.org\/Product\" class=\"wpsg_produkt wpsg_produkt_1\">\r\n\r\n        <meta itemprop=\"name\" content=\"Notfallspiegel (PKW)\" \/>\r\n        <meta itemprop=\"sku\" content=\"NFS001\" \/>\r\n        <meta itemprop=\"detailname\" content=\"F\u00fcr Fahrzeuge mit kleinem bis mittelgro\u00dfem Au\u00dfenspiegel\" \/>\r\n\r\n\t\t\t\t\r\n\t\t\t\t\r\n\t\t\r\n\t\t\t\t\r\n\t\t\t<div itemprop=\"offers\" itemscope itemtype=\"http:\/\/schema.org\/Offer\" class=\"wpsg_produkt_preis\">\r\n\r\n                <meta itemprop=\"priceCurrency\" content=\"EUR\" \/>\r\n                <meta itemprop=\"price\" content=\"19.95\" \/>\r\n\r\n\t\t\t\tSt\u00fcckpreis:\r\n\t\t\t\t\t\t\t\t\r\n\t\t\t\t\t\t\t\t\t<span class=\"wpsg_mod_productview_price\">19,95 EUR<\/span>\r\n\t\t\t\t\r\n\t\t\t<\/div>\r\n\r\n\t\t\t\r\n\t\t\t\t<div class=\"wpsg_produkt_preishinweis\">\r\n\t\t\t\t\t\t\t\t\t\t\t\t\t\t\t\t\t\t(inkl. 19,00% MwSt. und zzgl. <a href=\"https:\/\/www.notfallspiegel.de\/de\/versandkosten\/\">Versandkosten<\/a>)\t\t\t\t\t\t\t\t\t\t\t\t\t\t\t<\/div>\r\n\r\n\t\t\t\t\t\t\r\n\t\t\t\t\r\n\t\t<div itemprop=\"description\" class=\"wpsg_produkt_shortdescription\">\r\n\t\t\r\n\t\t\t<span><\/span>\r\n\t\t\t\r\n\t\t<\/div>\r\n\r\n\t\t<div class=\"wpsg_clear\"><\/div>\r\n \t\t\r\n\t\t\t\t\t\t\r\n\t\t        \t\t\r\n\t\t\t\t\t\t\r\n\t\t\t\t\t\t\r\n\t\t\t\t<div class=\"wpsg_product_informationarea\">\r\n\r\n\t\t\t\t\t\t<div class=\"wpsg_product_information_short\">\r\n\t\t\t\t<div class=\"wpsg_produkt_additional_information\">\r\n\t\t\t\t\t<div itemprop=\"description\" class=\"wpsg_produkt_shortdescription\">\r\n\t\t\t\t\t\t<span><p> [Deutsch]<\/p>\n<\/span>\r\n\t\t\t\t\t<\/div>\r\n\t\t\t\t<\/div>\r\n\t\t\t<\/div>\r\n\t\t\t\r\n\t\t<\/div>\r\n\t\t\r\n\t\t\t\t<div class=\"wpsg_produkt_varianten\">\r\n\t\t\t\t\t<\/div>\r\n\t\t\t\t\r\n\t\t\t\t\r\n\t\t<div class=\"wpsg_product_buttonarea\">\t\t\t\r\n\t\t\t<div class=\"wpsg_product_buttons_add_basket\">\r\n\t\t\t\t\t\t\t\t<div class=\"wpsg_produkt_add_basket_wrapper\">\r\n\r\n\t\t\t\t\t<label class=\"wpsg_amount_label\" for=\"wpsg_menge_1\">Anzahl<\/label>\r\n\r\n\t\t\t\t\t<input type=\"text\" value=\"1\" name=\"wpsg[menge]\" class=\"wpsg_menge\" id=\"wpsg_menge_1\"  \/>\r\n\t\t\t\t\t\t\t\r\n\t\t\t\t\t\t\t\t\t\t\t\t\t\t\t\r\n\t\t\t\t\t\t<input class=\"wpsg_button wpsg_add_basket wpsg_add_basket_1\" type=\"submit\" value=\"In den Warenkorb\" name=\"wpsg[submit]\" \/>\r\n\t\t\t\t\t\r\n\t\t\t\t\t\t\t\t\t\t\r\n\t\t\t\t\t\r\n\t\t\t\t<\/div>\r\n\t\t\t\t\t\t\t<\/div>\r\n\t\t<\/div>\r\n\r\n\t\t<div class=\"wpsg_clear\"><\/div>\r\n\r\n\t\t\r\n\t\t\t\t<div class=\"wpsg_product_informationarea\">\r\n\r\n\t\t\t\r\n\t\t<\/div>\r\n\t\t\t\t\r\n\t\t\t\t<div class=\"wpsg_product_informationarea\">\r\n\r\n\t\t\t\r\n\t\t<\/div>\r\n\t\t\t\t\r\n\t\t\t\t<div class=\"wpsg_product_informationarea\">\r\n\r\n\t\t\t\r\n\t\t<\/div>\r\n\t\t\r\n\t\t<div class=\"wpsg_clear\"><\/div>\r\n\r\n\t\t\t\t<div class=\"wpsg_product_social_media\">\r\n\t\t\t\t\t<\/div>\r\n\r\n\t<\/div>\r\n\r\n<\/div><div style=\"display:none;\"><input type=\"hidden\" name=\"wpsg[template]\" \tvalue=\"standard.phtml\" \/><input type=\"hidden\" name=\"myReferer\" \t\tvalue=\"\/de\/wp-json\/wp\/v2\/pages\/3613\" \/><input type=\"hidden\" name=\"wpsg[produkt_id]\"  value=\"1\" \/><input type=\"hidden\" name=\"wpsg[product_key]\" value=\"1\" \/><\/div><\/form>\u00a0<\/p><\/div><\/div><\/div>\n","protected":false},"excerpt":{"rendered":"#ut_sb_69f2cccbf41a7 .ut-icon-box .ut-service-box-icon { color: #008bcf; }#ut_sb_69f2cccbf41a7 .ut-arrow-right { border-left: 10px solid rgba(242,242,242,1);; }#ut_sb_69f2cccbf41a7 .ut-icon-box { background: rgba(242,242,242,1);; }#ut_sb_69f2cccbf41a7 .ut-info a.ut-service-box-link { font-size: 12px; }Notfallspiegel Notfallspiegel (PKW) F\u00fcr Fahrzeuge mit kleinem bis mittelgro\u00dfem Au\u00dfenspiegel St\u00fcckpreis: 19,95 EUR (inkl. 19,00% MwSt. und zzgl. Versandkosten) [Deutsch] Anzahl \u00a0","protected":false},"author":1,"featured_media":0,"parent":0,"menu_order":4,"comment_status":"closed","ping_status":"closed","template":"","meta":[],"categories":[],"tags":[],"_links":{"self":[{"href":"https:\/\/www.notfallspiegel.de\/de\/wp-json\/wp\/v2\/pages\/3613"}],"collection":[{"href":"https:\/\/www.notfallspiegel.de\/de\/wp-json\/wp\/v2\/pages"}],"about":[{"href":"https:\/\/www.notfallspiegel.de\/de\/wp-json\/wp\/v2\/types\/page"}],"author":[{"embeddable":true,"href":"https:\/\/www.notfallspiegel.de\/de\/wp-json\/wp\/v2\/users\/1"}],"replies":[{"embeddable":true,"href":"https:\/\/www.notfallspiegel.de\/de\/wp-json\/wp\/v2\/comments?post=3613"}],"version-history":[{"count":12,"href":"https:\/\/www.notfallspiegel.de\/de\/wp-json\/wp\/v2\/pages\/3613\/revisions"}],"predecessor-version":[{"id":3914,"href":"https:\/\/www.notfallspiegel.de\/de\/wp-json\/wp\/v2\/pages\/3613\/revisions\/3914"}],"wp:attachment":[{"href":"https:\/\/www.notfallspiegel.de\/de\/wp-json\/wp\/v2\/media?parent=3613"}],"wp:term":[{"taxonomy":"category","embeddable":true,"href":"https:\/\/www.notfallspiegel.de\/de\/wp-json\/wp\/v2\/categories?post=3613"},{"taxonomy":"post_tag","embeddable":true,"href":"https:\/\/www.notfallspiegel.de\/de\/wp-json\/wp\/v2\/tags?post=3613"}],"curies":[{"name":"wp","href":"https:\/\/api.w.org\/{rel}","templated":true}]}}