{"id":3624,"date":"2014-04-14T14:19:58","date_gmt":"2014-04-14T12:19:58","guid":{"rendered":"http:\/\/notfallspiegel.de\/?page_id=3624"},"modified":"2014-09-24T01:52:39","modified_gmt":"2014-09-23T23:52:39","slug":"aber-es-gibt-eine-loesung","status":"publish","type":"page","link":"https:\/\/www.notfallspiegel.de\/de\/aber-es-gibt-eine-loesung\/","title":{"rendered":"Aber es gibt eine L\u00f6sung"},"content":{"rendered":"<p>Aber es gibt eine L\u00f6sung: den <strong>Notfallspiegel R\u00dcCK-SICHT<\/strong>. Dabei handelt es sich um einen in eine flexible H\u00fclle integrierten Spiegel, den Sie einfach \u00fcber das Au\u00dfenspiegelgeh\u00e4use Ihres Fahrzeugs ziehen. Und schon haben Sie wieder Sicht nach hinten, und k\u00f6nnen ungehindert zu Ihrer Werkstatt fahren.<\/p>\n<p>Der Notfallspiegel ist eine patentierte Weltneuheit. Er wurde vom Bundesverkehrsministerium zur Verwendung zugelassen und durch den T\u00dcV Hessen gepr\u00fcft.<\/p>\n<p>Haben Sie einen Notfallspiegel im Handschuhfach, sind Sie immer auf der sicheren Seite.<\/p>\n        \r\n        <script type=\"text\/javascript\">\r\n        (function($) {\r\n\r\n            \"use strict\";\r\n\r\n            \/* check if is in vc front end\r\n            ================================================== *\/\r\n            function inIframe() {\r\n\r\n                var field = 'vc_editable';\r\n                var url = window.location.href ;\r\n\r\n                if( url.indexOf('?' + field + '=') !== -1 ) {\r\n\r\n                    return true;\r\n\r\n                } else if( url.indexOf('&' + field + '=') !== -1 ) {\r\n\r\n                    return true;\r\n\r\n                } else {\r\n\r\n                    return false;\r\n\r\n                }\r\n\r\n            }\r\n\r\n            if( inIframe() ) {\r\n\r\n                $(window).trigger(\"load\");\r\n\r\n            }\r\n\r\n            $(window).on(\"load\", function(){\r\n\r\n                $(document).ready( function(){\r\n\r\n                var inc = \"0\";\r\n\r\n                function calculate_portfolio_item_width_with_gutter( $container, columns, guttersize, increament ) {\r\n                    \r\n                    var step = increament ? increament : 0.1,\r\n                        extra_spacing = $container.hasClass('ut-portfolio-item-container-with-background') ? guttersize : 0,\r\n                        size = ( $container.get(0).getBoundingClientRect().width - extra_spacing - guttersize ) \/ columns - ( guttersize * ( columns - 1 ) \/ columns ) - step;\r\n\r\n                    if( ( ( size + guttersize ) * columns ) < $container.get(0).getBoundingClientRect().width ) {\r\n                                                \r\n                        inc = 0;                        \r\n                        return size;                        \r\n                        \r\n                    } else {\r\n                        \r\n                        inc = inc + 0.2;\r\n                        return calculate_portfolio_item_width_with_gutter( $container, columns, guttersize, inc );\r\n                        \r\n                    }                    \r\n                \r\n                }\r\n\t\t\t\t\r\n                var $win = $(window),\r\n                    $container = $(\"#ut-portfolio-items-3350\"),\r\n\t\t\t\t\tcolumns = 2,\r\n\t\t\t\t\tgutter = \"on\",\r\n\t\t\t\t\tgutterwidth = \"\",\r\n                    guttersize = \"1\";\r\n                \r\n\t\t\t\t$container.on( \"layoutComplete\", function( event, filteredItems ){\r\n\r\n\t\t\t\t\t$(filteredItems).each(function( index, element ){\r\n\r\n\t\t\t\t\t\t$(element.element).addClass(\"sorted\").css({\r\n\t\t\t\t\t\t\t\"opacity\" : \"1\", \"transform\" : \"scale(1)\" \t\t\t\t\t\t\t\t\t\t\t\t\t});\r\n\r\n\t\t\t\t\t});\r\n\r\n                    $container.addClass(\"layoutComplete\");\r\n\r\n                    $(window).trigger('scroll');\r\n                    $.waypoints(\"refresh\");\r\n                    $.force_appear();\r\n\r\n                    setTimeout(function(  ) {\r\n\r\n                        $(window).trigger('scroll');\r\n                        $.waypoints(\"refresh\");\r\n                        $.force_appear();\r\n\r\n                    }, 401 );\r\n\r\n\r\n\t\t\t\t});\r\n\t\t\t\t\r\n                var hide_timout;\r\n                \r\n\t\t\t\tfunction hide_portfolio_articles( selector ) {\r\n\r\n                    $container.removeClass(\"layoutComplete\");\r\n                    \r\n\t\t\t\t\tclearTimeout( hide_timout );\r\n                    \r\n\t\t\t\t\t$(\"> .ut-portfolio-article\", \"#ut-portfolio-items-3350\").each(function(){\r\n\r\n\r\n\t\t\t\t\t\tif( $(window).width() <= 1024 ) {\r\n                            \r\n                            $(this).addClass(\"ut-portfolio-article-animation\").removeClass(\"sorted\").css({\r\n                                \"opacity\" : \"0\"\r\n                            }); \r\n                            \r\n                        } else {\r\n                        \r\n                            $(this).addClass(\"ut-portfolio-article-animation\").removeClass(\"sorted\").css({\r\n                                \"opacity\" : \"0\", \"transform\" : \"scale(0.001)\"                                                             }); \r\n                            \r\n                        } \r\n\r\n\t\t\t\t\t});\r\n\r\n\t\t\t\t\tsetTimeout( function() {\r\n\r\n\t\t\t\t\t\t$(\"> .ut-portfolio-article .ut-portfolio-article-animation-box\", \"#ut-portfolio-items-3350\").each(function(){\r\n                            \r\n                            var $this = $(this);\r\n                            \r\n\t\t\t\t\t\t\t$this.clearQueue().css({\r\n\t\t\t\t\t\t\t\t\"visibility\" : \"hidden\",\r\n\t\t\t\t\t\t\t\t\"opacity\" : \"0\"\r\n\t\t\t\t\t\t\t}).removeClass( $this.children(\".ut-portfolio-item\").data(\"effect\") ); \r\n\r\n\t\t\t\t\t\t});\r\n\r\n                        hide_timout = setTimeout(function(  ) {\r\n\r\n                            $container.isotope({ filter: selector });\r\n                        \r\n                        }, 400 );\r\n                            \r\n\t\t\t\t\t}, 400 );\r\n\r\n\t\t\t\t}\r\n\r\n                function hide_and_relayout_portfolio_articles( callback ) {\r\n\r\n                    $container.removeClass(\"layoutComplete\");\r\n\r\n                    $(\"> .ut-portfolio-article\", \"#ut-portfolio-items-3350\").each(function(){\r\n\r\n                        if( $(window).width() <= 1024 ) {\r\n\r\n                            $(this).addClass(\"ut-portfolio-article-animation\").removeClass(\"sorted\").css({\r\n                                \"opacity\" : \"0\"\r\n                            });\r\n\r\n                        } else {\r\n\r\n                            $(this).addClass(\"ut-portfolio-article-animation\").removeClass(\"sorted\").css({\r\n                                \"opacity\" : \"0\", \"transform\" : \"scale(0.001)\"                                                             });\r\n\r\n                        }\r\n\r\n                    });\r\n\r\n                    setTimeout( function() {\r\n\r\n                        if( callback && typeof(callback) === \"function\" ) {\r\n\r\n                            callback();\r\n\r\n                        }\r\n\r\n                    }, 350 );\r\n\r\n                }\r\n\r\n\t\t\t\tfunction ut_call_isotope( force_column, callback ) {\r\n\r\n\t\t\t\t\tif( $(window).width() > 1024) {\r\n\t\t\t\t\t\tcolumns = 2;\r\n                        guttersize = \"1\";\r\n\t\t\t\t\t} \r\n\r\n\t\t\t\t\tif( force_column ) {\r\n\t\t\t\t\t    columns = force_column;\r\n                    }\r\n\r\n\t\t\t\t\tif( $(window).width() <= 1024) {\r\n\t\t\t\t\t\tcolumns = 2;\r\n                        guttersize = \"1\";\r\n\t\t\t\t\t} \r\n                    \r\n\t\t\t\t\tif( $(window).width() <= 767) {\r\n                        columns = 1;\r\n                        guttersize = 1.5;\r\n\t\t\t\t\t} \t\t\t\t\r\n\t\t\t\t\t\r\n                    if( $(window).width() <= 400 ) {\r\n                        guttersize = 1;\r\n                    }\r\n\r\n\t\t\t\t\tif( gutter === \"on\" ) {\r\n                        \r\n                        $container.children().width( calculate_portfolio_item_width_with_gutter( $container, columns, ( 20 * guttersize ), false ) ).addClass(\"show\");\r\n\t\t\t\t\t\tgutterwidth = 20 * guttersize;\r\n                        \r\n\t\t\t\t\t} else {\r\n\t\t\t\t\t\t\r\n                        $container.children().width( $container.get(0).getBoundingClientRect().width \/ columns - 0.05 ).addClass(\"show\");\r\n\t\t\t\t\t\tgutterwidth = 0;\r\n                        \r\n\t\t\t\t\t}\r\n\r\n                    if( callback && typeof(callback) === \"function\" ) {\r\n\r\n                        callback( columns, gutterwidth );\r\n\r\n                    } else {\r\n\r\n                        $container.ut_require_js({\r\n                            plugin: 'isotope',\r\n                            source: 'isotope',\r\n                            callback: function (element) {\r\n\r\n                                element.addClass(\"animated\").isotope({\r\n\r\n                                    itemSelector : \".ut-portfolio-article\",\r\n                                    layoutMode: \"fitRows\",\r\n                                    masonry: { columnWidth: element.get(0).getBoundingClientRect().width \/ columns - gutterwidth },\r\n                                    itemPositionDataEnabled: true,\r\n                                    transitionDuration: 0\r\n\r\n                                }).isotope(\"layout\");\r\n\r\n                                $('.ut-lazy-wait', $container ).each(function (index, element ) {\r\n\r\n                                    $(element).removeClass('ut-lazy-wait');\r\n\r\n                                });\r\n\r\n                            }\r\n\r\n                        });\r\n\r\n                    }\r\n\r\n\t\t\t\t}\r\n\r\n                $(window).utresize(function(){\r\n\r\n                    \/* update isotope *\/\r\n                    ut_call_isotope();\r\n\r\n                });\r\n\r\n                \/* create isotope *\/\r\n                ut_call_isotope();\r\n\r\n\t\t\t\t\/* additional call for ajax filter *\/\r\n\t\t\t\t\r\n                    \/* Isotope Filtering\r\n                    ================================================== *\/\r\n                    $(\"#ut-portfolio-menu-3350 a\").each(function( index ) {\r\n\r\n                        if( $(this).parent().hasClass('ut-portfolio-layout-change') ) {\r\n                            return true;\r\n                        }\r\n\r\n                        var searchforclass = $(this).attr(\"data-filter\");\r\n\r\n                        if( !$(searchforclass).length  ) {\r\n                            \/\/ hide filter if we do not have any children to filter\r\n                            $(this).hide();\r\n                        }\r\n\r\n                    });\r\n\r\n                    $(\"#ut-portfolio-menu-3350 a\").on('click', function(event) {\r\n\r\n                        var $this = $(this);\r\n\r\n                        if( $this.parent().hasClass('ut-portfolio-layout-change') ) {\r\n                            return true;\r\n                        }\r\n\r\n                        if( $this.hasClass(\"selected\") ) {\r\n\r\n                            event.preventDefault();\r\n                            return;\r\n\r\n                        }\r\n\r\n                        var selector = $this.attr(\"data-filter\");\r\n\r\n                        if ( !$this.hasClass(\"selected\") ) {\r\n\r\n                            $this.parents(\"#ut-portfolio-menu-3350\").find(\".selected\").removeClass(\"selected\");\r\n                            $this.addClass(\"selected\");\r\n\r\n                        }\r\n\r\n                        hide_portfolio_articles( selector );\r\n\r\n                        return false;\r\n\r\n                    });\r\n\r\n                    $(\"#ut-portfolio-menu-3350 .ut-portfolio-layout-change a\").on('click', function(event) {\r\n\r\n                        var $this = $(this),\r\n                            $columns = $this.data('default-columns'),\r\n                            $columns_alternate = $this.data('alternate-columns');\r\n\r\n                        var selector = $(\"#ut-portfolio-menu-3350 a.selected\").attr(\"data-filter\");\r\n\r\n                        \/\/ restore initial layout\r\n                        if( $this.hasClass('ut-alternate-columns-active') ) {\r\n\r\n                            hide_and_relayout_portfolio_articles( function () {\r\n\r\n                                ut_call_isotope( $columns, function ( columns, gutterwidth ) {\r\n\r\n                                    $(\"> .ut-portfolio-article .ut-portfolio-article-animation-box\", \"#ut-portfolio-items-3350\").css({\r\n                                        \"visibility\" : \"hidden\",\r\n                                        \"opacity\" : \"0\"\r\n                                    });\r\n\r\n                                    setTimeout(function() {\r\n\r\n                                        $container.isotope({\r\n                                            filter: selector\r\n                                        });\r\n\r\n                                    }, 760 );\r\n\r\n                                });\r\n\r\n                                $this.removeClass('ut-alternate-columns-active');\r\n\r\n                            });\r\n\r\n                        \/\/ switch to alternate layout\r\n                        } else {\r\n\r\n                            hide_and_relayout_portfolio_articles( function () {\r\n\r\n                                ut_call_isotope( $columns_alternate, function ( columns, gutterwidth ) {\r\n\r\n                                    $(\"> .ut-portfolio-article .ut-portfolio-article-animation-box\", \"#ut-portfolio-items-3350\").css({\r\n                                        \"visibility\" : \"hidden\",\r\n                                        \"opacity\" : \"0\"\r\n                                    });\r\n\r\n                                    setTimeout(function(  ) {\r\n\r\n                                        $container.isotope({\r\n                                            filter: selector\r\n                                        });\r\n\r\n                                    }, 760 );\r\n\r\n                                });\r\n\r\n                                $this.addClass('ut-alternate-columns-active');\r\n\r\n                            });\r\n\r\n                        }\r\n\r\n                        event.preventDefault();\r\n\r\n                    });\r\n\r\n\t\t\t\t\t\t\t\t       \r\n           \t\t});\r\n        \r\n            });\r\n\t\t\t\r\n        }(jQuery));\r\n\r\n        <\/script>        \r\n       \t\r\n\t\t<style id=\"ut-portfolio-custom-css-3350\" type=\"text\/css\">.ut-portfolio-3350 .ut-portfolio-info-c h3 { font-family: ralewayregular ;}.ut-portfolio-3350 .portfolio-title { font-family: ralewayregular ;}.ut-portfolio-3350 .ut-portfolio-info-c span { font-family: ralewayregular ;}.ut-portfolio-3350 .ut-portfolio-info-c h3 { color: #ffffff ; }.ut-portfolio-3350 .portfolio-title { color: #ffffff; }.ut-portfolio-3350 .ut-portfolio-info-c, .ut-portfolio-3350 .ut-portfolio-info-c span { color: #FFF ; }.ut-portfolio-3350 .ut-portfolio-menu li a { text-transform: uppercase; }.ut-portfolio-3350 .ut-hover-layer { background: rgba(0,0,0, 0.9); }<\/style><style id=\"ut-portfolio-single-custom-css\" type=\"text\/css\"><\/style><div id=\"ut-loader-3350\" class=\"ut-portfolio-detail-loader\"><i class=\"Bklyn-Core-Rotate-2\"><\/i><\/div><a id=\"ut-portfolio-details-anchor-3350\" href=\"#\" class=\"ut-vc-offset-anchor-top\"><\/a><div id=\"ut-portfolio-details-navigation-3350\" class=\"ut-portfolio-details-navigation grid-container\" data-slideup-width=\"centered\"><a class=\"prev-portfolio-details\" data-wrap=\"3350\" href=\"#\"><\/a><a class=\"close-portfolio-details\" data-wrap=\"3350\" href=\"#\"><\/a><a class=\"next-portfolio-details\" data-wrap=\"3350\" href=\"#\"><\/a><\/div><div id=\"ut-portfolio-details-wrap-3350\" class=\"ut-portfolio-details-wrap clearfix\"><div id=\"ut-portfolio-details-3350\" class=\"inner ut-portfolio-details\"><div id=\"ut-portfolio-detail-3659\" class=\"animated ut-portfolio-detail clearfix\" data-post=\"3659\" data-format=\"gallery\"><div class=\"grid-80 prefix-10 mobile-grid-100 tablet-grid-80 tablet-prefix-10 ut-portfolio-media\"><div class=\"ut-portfolio-gallery-slider flexslider\" id=\"portfolio-gallery-slider-3659\"><ul class=\"slides\"><li><img width=\"1160\" height=\"774\" src=\"\" class=\"ut-load-me ut-square\" alt=\"Bildergalerie zum Notfallspiegel\" data-original=\"https:\/\/www.notfallspiegel.de\/wp-content\/uploads\/Notfallspiegel-00011-1160x774.jpg\" \/><\/li><li><img width=\"1160\" height=\"774\" src=\"\" class=\"ut-load-me ut-square\" alt=\"Bildergalerie zum Notfallspiegel\" data-original=\"https:\/\/www.notfallspiegel.de\/wp-content\/uploads\/Notfallspiegel-00041-1160x774.jpg\" \/><\/li><li><img width=\"1160\" height=\"774\" src=\"\" class=\"ut-load-me ut-square\" alt=\"Bildergalerie zum Notfallspiegel\" data-original=\"https:\/\/www.notfallspiegel.de\/wp-content\/uploads\/Notfallspiegel-00031-1160x774.jpg\" \/><\/li><li><img width=\"1160\" height=\"774\" src=\"\" class=\"ut-load-me ut-square\" alt=\"Bildergalerie zum Notfallspiegel\" data-original=\"https:\/\/www.notfallspiegel.de\/wp-content\/uploads\/Notfallspiegel-00021-1160x774.jpg\" \/><\/li><\/ul><\/div><\/div><div class=\"grid-70 prefix-15 mobile-grid-100 tablet-grid-70 tablet-prefix-15 entry-content clearfix\"><\/div><\/div><div id=\"ut-portfolio-detail-3646\" class=\"animated ut-portfolio-detail clearfix\" data-post=\"3646\" data-format=\"gallery\"><div class=\"grid-80 prefix-10 mobile-grid-100 tablet-grid-80 tablet-prefix-10 ut-portfolio-media\"><div class=\"ut-portfolio-gallery-slider flexslider\" id=\"portfolio-gallery-slider-3646\"><ul class=\"slides\"><li><img width=\"1160\" height=\"774\" src=\"\" class=\"ut-load-me ut-square\" alt=\"Lieferumfang des Notfallspiegels\" data-original=\"https:\/\/www.notfallspiegel.de\/wp-content\/uploads\/Notfallspiegel-0007-Einzelteile-1160x774.jpg\" \/><\/li><li><img width=\"1160\" height=\"562\" src=\"\" class=\"ut-load-me ut-square\" alt=\"Lieferumfang des Notfallspiegels\" data-original=\"https:\/\/www.notfallspiegel.de\/wp-content\/uploads\/Notfallspiegel-0006-1160x562.jpg\" \/><\/li><li><img width=\"1160\" height=\"524\" src=\"\" class=\"ut-load-me ut-square\" alt=\"Lieferumfang des Notfallspiegels\" data-original=\"https:\/\/www.notfallspiegel.de\/wp-content\/uploads\/Notfallspiegel-0005-1160x524.jpg\" \/><\/li><\/ul><\/div><\/div><div class=\"grid-70 prefix-15 mobile-grid-100 tablet-grid-70 tablet-prefix-15 entry-content clearfix\"><\/div><\/div><\/div><\/div><div class=\"clear\"><\/div><div id=\"ut-portfolio-wrap\" class=\"ut-portfolio-wrap ut-portfolio-3350\" data-slideup-title=\"on\" data-slideup-width=\"centered\" data-textcolor=\"#ffffff\" data-opacity=\"0.9\" data-hovercolor=\"0,0,0\"><a class=\"ut-portfolio-offset-anchor\" style=\"top:-120px;\" id=\"ut-portfolio-items-3350-anchor\"><\/a><div id=\"ut-portfolio-items-3350\" class=\"ut-portfolio-item-container has-gutter guttersize-1 \"><article id=\"ut-portfolio-article-3659\" class=\"ut-portfolio-article ut-masonry portfolio-style-one gutter gutter-1 notfallspiegel-filt \"><div class=\"ut-portfolio-article-animation-box\"><div data-effect=\"portfolioFadeIn\" class=\"ut-portfolio-item ut-hover\"><a class=\"ut-portfolio-link ut-square \" rel=\"bookmark\" title=\"Bildergalerie zum Notfallspiegel\" data-wrap=\"3350\" data-post=\"3659\" href=\"#ut-portfolio-details-wrap-3350\" ><figure>\r\n        <img data-adaptive-images=\"{&quot;300&quot;:&quot;https:\\\/\\\/www.notfallspiegel.de\\\/wp-content\\\/uploads\\\/Notfallspiegel-00011-300x240.jpg&quot;,&quot;500&quot;:&quot;https:\\\/\\\/www.notfallspiegel.de\\\/wp-content\\\/uploads\\\/Notfallspiegel-00011-500x400.jpg&quot;,&quot;750&quot;:&quot;https:\\\/\\\/www.notfallspiegel.de\\\/wp-content\\\/uploads\\\/Notfallspiegel-00011-750x600.jpg&quot;,&quot;1000&quot;:&quot;https:\\\/\\\/www.notfallspiegel.de\\\/wp-content\\\/uploads\\\/Notfallspiegel-00011-1000x800.jpg&quot;,&quot;1500&quot;:&quot;https:\\\/\\\/www.notfallspiegel.de\\\/wp-content\\\/uploads\\\/Notfallspiegel-00011-1500x1200.jpg&quot;,&quot;2500&quot;:&quot;https:\\\/\\\/www.notfallspiegel.de\\\/wp-content\\\/uploads\\\/Notfallspiegel-00011-2500x2000.jpg&quot;}\" src=\"data:image\/svg+xml;charset=utf-8,%3Csvg xmlns%3D'http%3A%2F%2Fwww.w3.org%2F2000%2Fsvg' viewBox%3D'0 0 1500 1200'%2F%3E\" width=\"1500\" height=\"1200\" data-src=\"https:\/\/www.notfallspiegel.de\/wp-content\/uploads\/Notfallspiegel-00011-1500x1200.jpg\" data-image-id=\"3813\" class=\"ut-adaptive-image wp-post-image skip-lazy skip-lazy ut-portfolio-featured-image ut-lazy-wait\">\r\n\r\n        <\/figure><div class=\"ut-hover-layer\"><div class=\"ut-portfolio-info\"><div class=\"ut-portfolio-info-c\"><h3 class=\"portfolio-title\">Bildergalerie zum Notfallspiegel<\/h3><span>Notfallspiegel<\/span><\/div><\/div><\/div><\/a><\/div><\/div><\/article><article id=\"ut-portfolio-article-3646\" class=\"ut-portfolio-article ut-masonry portfolio-style-one gutter gutter-1 notfallspiegel-filt \"><div class=\"ut-portfolio-article-animation-box\"><div data-effect=\"portfolioFadeIn\" class=\"ut-portfolio-item ut-hover\"><a class=\"ut-portfolio-link ut-square \" rel=\"bookmark\" title=\"Lieferumfang des Notfallspiegels\" data-wrap=\"3350\" data-post=\"3646\" href=\"#ut-portfolio-details-wrap-3350\" ><figure>\r\n        <img data-adaptive-images=\"{&quot;300&quot;:&quot;https:\\\/\\\/www.notfallspiegel.de\\\/wp-content\\\/uploads\\\/Notfallspiegel-0006-300x240.jpg&quot;,&quot;500&quot;:&quot;https:\\\/\\\/www.notfallspiegel.de\\\/wp-content\\\/uploads\\\/Notfallspiegel-0006-500x400.jpg&quot;,&quot;750&quot;:&quot;https:\\\/\\\/www.notfallspiegel.de\\\/wp-content\\\/uploads\\\/Notfallspiegel-0006-750x600.jpg&quot;,&quot;1000&quot;:&quot;https:\\\/\\\/www.notfallspiegel.de\\\/wp-content\\\/uploads\\\/Notfallspiegel-0006-1000x800.jpg&quot;,&quot;1500&quot;:&quot;https:\\\/\\\/www.notfallspiegel.de\\\/wp-content\\\/uploads\\\/Notfallspiegel-0006-1500x1200.jpg&quot;,&quot;2500&quot;:&quot;https:\\\/\\\/www.notfallspiegel.de\\\/wp-content\\\/uploads\\\/Notfallspiegel-0006-2500x2000.jpg&quot;}\" src=\"data:image\/svg+xml;charset=utf-8,%3Csvg xmlns%3D'http%3A%2F%2Fwww.w3.org%2F2000%2Fsvg' viewBox%3D'0 0 1500 1200'%2F%3E\" width=\"1500\" height=\"1200\" data-src=\"https:\/\/www.notfallspiegel.de\/wp-content\/uploads\/Notfallspiegel-0006-1500x1200.jpg\" data-image-id=\"3808\" class=\"ut-adaptive-image wp-post-image skip-lazy skip-lazy ut-portfolio-featured-image ut-lazy-wait\">\r\n\r\n        <\/figure><div class=\"ut-hover-layer\"><div class=\"ut-portfolio-info\"><div class=\"ut-portfolio-info-c\"><h3 class=\"portfolio-title\">Lieferumfang des Notfallspiegels<\/h3><span>Notfallspiegel<\/span><\/div><\/div><\/div><\/a><\/div><\/div><\/article><\/div><\/div>\n","protected":false},"excerpt":{"rendered":"<p>Aber es gibt eine L\u00f6sung: den Notfallspiegel R\u00dcCK-SICHT. Dabei handelt es sich um einen in eine flexible H\u00fclle integrierten Spiegel, den Sie einfach \u00fcber das Au\u00dfenspiegelgeh\u00e4use Ihres Fahrzeugs ziehen. Und schon haben Sie wieder Sicht nach hinten, und k\u00f6nnen ungehindert zu Ihrer Werkstatt fahren. Der Notfallspiegel ist eine patentierte Weltneuheit. Er wurde vom Bundesverkehrsministerium zur [&hellip;]<\/p>\n","protected":false},"author":1,"featured_media":0,"parent":0,"menu_order":2,"comment_status":"closed","ping_status":"closed","template":"","meta":[],"categories":[],"tags":[],"_links":{"self":[{"href":"https:\/\/www.notfallspiegel.de\/de\/wp-json\/wp\/v2\/pages\/3624"}],"collection":[{"href":"https:\/\/www.notfallspiegel.de\/de\/wp-json\/wp\/v2\/pages"}],"about":[{"href":"https:\/\/www.notfallspiegel.de\/de\/wp-json\/wp\/v2\/types\/page"}],"author":[{"embeddable":true,"href":"https:\/\/www.notfallspiegel.de\/de\/wp-json\/wp\/v2\/users\/1"}],"replies":[{"embeddable":true,"href":"https:\/\/www.notfallspiegel.de\/de\/wp-json\/wp\/v2\/comments?post=3624"}],"version-history":[{"count":15,"href":"https:\/\/www.notfallspiegel.de\/de\/wp-json\/wp\/v2\/pages\/3624\/revisions"}],"predecessor-version":[{"id":3787,"href":"https:\/\/www.notfallspiegel.de\/de\/wp-json\/wp\/v2\/pages\/3624\/revisions\/3787"}],"wp:attachment":[{"href":"https:\/\/www.notfallspiegel.de\/de\/wp-json\/wp\/v2\/media?parent=3624"}],"wp:term":[{"taxonomy":"category","embeddable":true,"href":"https:\/\/www.notfallspiegel.de\/de\/wp-json\/wp\/v2\/categories?post=3624"},{"taxonomy":"post_tag","embeddable":true,"href":"https:\/\/www.notfallspiegel.de\/de\/wp-json\/wp\/v2\/tags?post=3624"}],"curies":[{"name":"wp","href":"https:\/\/api.w.org\/{rel}","templated":true}]}}